{"id":326,"date":"2025-04-01T15:39:28","date_gmt":"2025-04-01T13:39:28","guid":{"rendered":"https:\/\/evaconcept.fr\/?page_id=326"},"modified":"2025-07-07T01:14:44","modified_gmt":"2025-07-06T23:14:44","slug":"video-surveillance","status":"publish","type":"page","link":"https:\/\/evaconcept.fr\/?page_id=326","title":{"rendered":"Vid\u00e9o surveillance"},"content":{"rendered":"\n<div class=\"wp-block-group\"><div class=\"wp-block-group__inner-container is-layout-constrained wp-block-group-is-layout-constrained\">\n<p class=\"has-text-align-left\"><strong>Eva Concept S\u00e9curit\u00e9<\/strong> propose un mat\u00e9riel de&nbsp;vid\u00e9osurveillance professionnelle, adapt\u00e9 aux besoins et aux contraintes de nos clients, qu\u2019il s\u2019agisse de s\u00e9curiser un commerce, une industrie, des bureaux,&nbsp; un transporteur, nous vous proposons&nbsp;des dispositifs de vid\u00e9osurveillance comprenant des&nbsp;enregistreurs IP et HD ainsi que des cameras HD.<\/p>\n\n\n\n<p class=\"has-text-align-left\">Nous effectuons au pr\u00e9alable une \u00e9tude de vos attendes suivant la configuration du lieu d\u2019installation.<\/p>\n\n\n\n<p><em>Nos marques de syst\u00e8mes sont principalement <strong>DAHUA<\/strong> et <strong>HIKVISION<\/strong>,<\/em> nous disposons de plusieurs mod\u00e8les, allant de la simple d\u00e9tection au plus sophistiqu\u00e9s&nbsp; ( couleur jour\/ nuit, sir\u00e8ne vocal, comptage de personnes,rotation 360 degr\u00e9s, reconnaissance facial, etc )<\/p>\n<\/div><\/div>\n\n\n\n<div class=\"wp-block-media-text alignwide has-media-on-the-right is-stacked-on-mobile\" style=\"grid-template-columns:auto 26%\"><div class=\"wp-block-media-text__content\">\n<p><em><strong>Camera\u00a0 ptz <\/strong><\/em><\/p>\n\n\n\n<p>Cam\u00e9ra motoris\u00e9e haute r\u00e9solution avec rotation, inclinaison et zoom optique puissant, id\u00e9ale pour surveiller de grandes zones et assurer une s\u00e9curit\u00e9 avanc\u00e9e.<\/p>\n<\/div><figure class=\"wp-block-media-text__media\"><img loading=\"lazy\" decoding=\"async\" width=\"600\" height=\"600\" src=\"https:\/\/evaconcept.fr\/wp-content\/uploads\/2025\/07\/dome-starlight-ip-ptz-di-200sec-dahua-sd10a260wa-hnf-sorveglianza-sicurezza-972_600x600_crop_center-copie-2.jpg\" alt=\"\" class=\"wp-image-370 size-full\" srcset=\"https:\/\/evaconcept.fr\/wp-content\/uploads\/2025\/07\/dome-starlight-ip-ptz-di-200sec-dahua-sd10a260wa-hnf-sorveglianza-sicurezza-972_600x600_crop_center-copie-2.jpg 600w, https:\/\/evaconcept.fr\/wp-content\/uploads\/2025\/07\/dome-starlight-ip-ptz-di-200sec-dahua-sd10a260wa-hnf-sorveglianza-sicurezza-972_600x600_crop_center-copie-2-300x300.jpg 300w, https:\/\/evaconcept.fr\/wp-content\/uploads\/2025\/07\/dome-starlight-ip-ptz-di-200sec-dahua-sd10a260wa-hnf-sorveglianza-sicurezza-972_600x600_crop_center-copie-2-150x150.jpg 150w\" sizes=\"auto, (max-width: 600px) 100vw, 600px\" \/><\/figure><\/div>\n\n\n\n<div class=\"wp-block-media-text alignwide is-stacked-on-mobile\" style=\"grid-template-columns:26% auto\"><figure class=\"wp-block-media-text__media\"><img loading=\"lazy\" decoding=\"async\" width=\"387\" height=\"259\" src=\"https:\/\/evaconcept.fr\/wp-content\/uploads\/2025\/07\/H-265-8MP-5X-12X-Zoom-Lens-Long-Range-CCTV-System-Security-Camera-IP-Dome-PTZ-Poe-Camera-Outdoor-Human-Vehicle-Detection-Onvif-Hikvision-Ik10-IP67-NVR-PTZ.jpg\" alt=\"\" class=\"wp-image-369 size-full\" srcset=\"https:\/\/evaconcept.fr\/wp-content\/uploads\/2025\/07\/H-265-8MP-5X-12X-Zoom-Lens-Long-Range-CCTV-System-Security-Camera-IP-Dome-PTZ-Poe-Camera-Outdoor-Human-Vehicle-Detection-Onvif-Hikvision-Ik10-IP67-NVR-PTZ.jpg 387w, https:\/\/evaconcept.fr\/wp-content\/uploads\/2025\/07\/H-265-8MP-5X-12X-Zoom-Lens-Long-Range-CCTV-System-Security-Camera-IP-Dome-PTZ-Poe-Camera-Outdoor-Human-Vehicle-Detection-Onvif-Hikvision-Ik10-IP67-NVR-PTZ-300x201.jpg 300w, https:\/\/evaconcept.fr\/wp-content\/uploads\/2025\/07\/H-265-8MP-5X-12X-Zoom-Lens-Long-Range-CCTV-System-Security-Camera-IP-Dome-PTZ-Poe-Camera-Outdoor-Human-Vehicle-Detection-Onvif-Hikvision-Ik10-IP67-NVR-PTZ-272x182.jpg 272w\" sizes=\"auto, (max-width: 387px) 100vw, 387px\" \/><\/figure><div class=\"wp-block-media-text__content\">\n<p><em><strong>Camera demi d\u00f4me <\/strong><\/em><\/p>\n\n\n\n<p>Cam\u00e9ra fixe discr\u00e8te au design compact, offrant une surveillance haute r\u00e9solution, id\u00e9ale pour les espaces int\u00e9rieurs ou sous abri.<\/p>\n<\/div><\/div>\n\n\n\n<div class=\"wp-block-media-text alignwide has-media-on-the-right is-stacked-on-mobile\" style=\"grid-template-columns:auto 32%\"><div class=\"wp-block-media-text__content\">\n<p><em><strong>Camera bullet exterieur <\/strong><\/em><\/p>\n\n\n\n<p>Cam\u00e9ra longue port\u00e9e, r\u00e9sistante aux intemp\u00e9ries, avec vision nocturne et haute r\u00e9solution, con\u00e7ue pour la surveillance ext\u00e9rieure continue.<\/p>\n<\/div><figure class=\"wp-block-media-text__media\"><img loading=\"lazy\" decoding=\"async\" width=\"1024\" height=\"573\" src=\"https:\/\/evaconcept.fr\/wp-content\/uploads\/2025\/07\/media2-1024x573.jpg\" alt=\"\" class=\"wp-image-368 size-full\" srcset=\"https:\/\/evaconcept.fr\/wp-content\/uploads\/2025\/07\/media2-1024x573.jpg 1024w, https:\/\/evaconcept.fr\/wp-content\/uploads\/2025\/07\/media2-300x168.jpg 300w, https:\/\/evaconcept.fr\/wp-content\/uploads\/2025\/07\/media2-768x430.jpg 768w, https:\/\/evaconcept.fr\/wp-content\/uploads\/2025\/07\/media2-1536x860.jpg 1536w, https:\/\/evaconcept.fr\/wp-content\/uploads\/2025\/07\/media2-2048x1147.jpg 2048w\" sizes=\"auto, (max-width: 1024px) 100vw, 1024px\" \/><\/figure><\/div>\n\n\n\n<div class=\"wp-block-media-text alignwide is-stacked-on-mobile\" style=\"grid-template-columns:25% auto\"><figure class=\"wp-block-media-text__media\"><img loading=\"lazy\" decoding=\"async\" width=\"1024\" height=\"1024\" src=\"https:\/\/evaconcept.fr\/wp-content\/uploads\/2025\/07\/enregistreur-nvr-dahua-32-canaux-ip-non-poe-8mp-4k-8-disques-durs-2-lan-4-hdmi-anpr-wizmind-1024x1024.jpg\" alt=\"\" class=\"wp-image-362 size-full\" srcset=\"https:\/\/evaconcept.fr\/wp-content\/uploads\/2025\/07\/enregistreur-nvr-dahua-32-canaux-ip-non-poe-8mp-4k-8-disques-durs-2-lan-4-hdmi-anpr-wizmind-1024x1024.jpg 1024w, https:\/\/evaconcept.fr\/wp-content\/uploads\/2025\/07\/enregistreur-nvr-dahua-32-canaux-ip-non-poe-8mp-4k-8-disques-durs-2-lan-4-hdmi-anpr-wizmind-300x300.jpg 300w, https:\/\/evaconcept.fr\/wp-content\/uploads\/2025\/07\/enregistreur-nvr-dahua-32-canaux-ip-non-poe-8mp-4k-8-disques-durs-2-lan-4-hdmi-anpr-wizmind-150x150.jpg 150w, https:\/\/evaconcept.fr\/wp-content\/uploads\/2025\/07\/enregistreur-nvr-dahua-32-canaux-ip-non-poe-8mp-4k-8-disques-durs-2-lan-4-hdmi-anpr-wizmind-768x768.jpg 768w, https:\/\/evaconcept.fr\/wp-content\/uploads\/2025\/07\/enregistreur-nvr-dahua-32-canaux-ip-non-poe-8mp-4k-8-disques-durs-2-lan-4-hdmi-anpr-wizmind-1536x1536.jpg 1536w, https:\/\/evaconcept.fr\/wp-content\/uploads\/2025\/07\/enregistreur-nvr-dahua-32-canaux-ip-non-poe-8mp-4k-8-disques-durs-2-lan-4-hdmi-anpr-wizmind.jpg 1600w\" sizes=\"auto, (max-width: 1024px) 100vw, 1024px\" \/><\/figure><div class=\"wp-block-media-text__content\">\n<p><em><strong>Enregistreur nvr IP 4\/8\/16\/32 voies<\/strong><\/em><\/p>\n\n\n\n<p>Enregistreur r\u00e9seau haute performance (4\/8\/16\/32 voies) permettant la gestion, l\u2019enregistrement et la lecture des cam\u00e9ras IP avec stockage s\u00e9curis\u00e9.<\/p>\n<\/div><\/div>\n\n\n\n<div class=\"wp-block-media-text alignwide has-media-on-the-right is-stacked-on-mobile\" style=\"grid-template-columns:auto 25%\"><div class=\"wp-block-media-text__content\">\n<p><em><strong>Camera de comptage<\/strong><\/em><\/p>\n\n\n\n<p>Cam\u00e9ra intelligente qui compte pr\u00e9cis\u00e9ment les entr\u00e9es et sorties des personnes, id\u00e9ale pour l\u2019analyse de fr\u00e9quentation et la gestion des flux.<\/p>\n<\/div><figure class=\"wp-block-media-text__media\"><img loading=\"lazy\" decoding=\"async\" width=\"1024\" height=\"1024\" src=\"https:\/\/evaconcept.fr\/wp-content\/uploads\/2025\/07\/camera-reseau-dahua-camera-de-comptage-a-double-objectif-4-mp-ip-poe-wizmind-1024x1024.jpg\" alt=\"\" class=\"wp-image-375 size-full\" srcset=\"https:\/\/evaconcept.fr\/wp-content\/uploads\/2025\/07\/camera-reseau-dahua-camera-de-comptage-a-double-objectif-4-mp-ip-poe-wizmind-1024x1024.jpg 1024w, https:\/\/evaconcept.fr\/wp-content\/uploads\/2025\/07\/camera-reseau-dahua-camera-de-comptage-a-double-objectif-4-mp-ip-poe-wizmind-300x300.jpg 300w, https:\/\/evaconcept.fr\/wp-content\/uploads\/2025\/07\/camera-reseau-dahua-camera-de-comptage-a-double-objectif-4-mp-ip-poe-wizmind-150x150.jpg 150w, https:\/\/evaconcept.fr\/wp-content\/uploads\/2025\/07\/camera-reseau-dahua-camera-de-comptage-a-double-objectif-4-mp-ip-poe-wizmind-768x768.jpg 768w, https:\/\/evaconcept.fr\/wp-content\/uploads\/2025\/07\/camera-reseau-dahua-camera-de-comptage-a-double-objectif-4-mp-ip-poe-wizmind-1536x1536.jpg 1536w, https:\/\/evaconcept.fr\/wp-content\/uploads\/2025\/07\/camera-reseau-dahua-camera-de-comptage-a-double-objectif-4-mp-ip-poe-wizmind.jpg 1600w\" sizes=\"auto, (max-width: 1024px) 100vw, 1024px\" \/><\/figure><\/div>\n","protected":false},"excerpt":{"rendered":"<p>Eva Concept S\u00e9curit\u00e9 propose un mat\u00e9riel de&nbsp;vid\u00e9osurveillance professionnelle, adapt\u00e9 aux besoins et aux contraintes de nos clients, qu\u2019il s\u2019agisse de s\u00e9curiser un commerce, une industrie, des bureaux,&nbsp; un transporteur, nous vous proposons&nbsp;des dispositifs de vid\u00e9osurveillance comprenant des&nbsp;enregistreurs IP et HD ainsi que des cameras HD. Nous effectuons au pr\u00e9alable une \u00e9tude de vos attendes suivant [&hellip;]<\/p>\n","protected":false},"author":1,"featured_media":359,"parent":0,"menu_order":0,"comment_status":"closed","ping_status":"closed","template":"","meta":{"footnotes":""},"class_list":["post-326","page","type-page","status-publish","has-post-thumbnail","hentry","post","post-with-thumbnail","post-with-thumbnail-large"],"_links":{"self":[{"href":"https:\/\/evaconcept.fr\/index.php?rest_route=\/wp\/v2\/pages\/326","targetHints":{"allow":["GET"]}}],"collection":[{"href":"https:\/\/evaconcept.fr\/index.php?rest_route=\/wp\/v2\/pages"}],"about":[{"href":"https:\/\/evaconcept.fr\/index.php?rest_route=\/wp\/v2\/types\/page"}],"author":[{"embeddable":true,"href":"https:\/\/evaconcept.fr\/index.php?rest_route=\/wp\/v2\/users\/1"}],"replies":[{"embeddable":true,"href":"https:\/\/evaconcept.fr\/index.php?rest_route=%2Fwp%2Fv2%2Fcomments&post=326"}],"version-history":[{"count":6,"href":"https:\/\/evaconcept.fr\/index.php?rest_route=\/wp\/v2\/pages\/326\/revisions"}],"predecessor-version":[{"id":377,"href":"https:\/\/evaconcept.fr\/index.php?rest_route=\/wp\/v2\/pages\/326\/revisions\/377"}],"wp:featuredmedia":[{"embeddable":true,"href":"https:\/\/evaconcept.fr\/index.php?rest_route=\/wp\/v2\/media\/359"}],"wp:attachment":[{"href":"https:\/\/evaconcept.fr\/index.php?rest_route=%2Fwp%2Fv2%2Fmedia&parent=326"}],"curies":[{"name":"wp","href":"https:\/\/api.w.org\/{rel}","templated":true}]}}