{"id":324,"date":"2025-04-01T15:38:12","date_gmt":"2025-04-01T13:38:12","guid":{"rendered":"https:\/\/evaconcept.fr\/?page_id=324"},"modified":"2025-07-07T23:34:02","modified_gmt":"2025-07-07T21:34:02","slug":"alarme","status":"publish","type":"page","link":"https:\/\/evaconcept.fr\/?page_id=324","title":{"rendered":"Alarme"},"content":{"rendered":"<p>Avec la solution\u00a0 <strong>RISCO<\/strong>, vous pouvez \u00eatre s\u00fbr de s\u00e9curiser et de prot\u00e9ger ce que vous avez de plus pr\u00e9cieux avec un syst\u00e8me d&rsquo;alarme install\u00e9 par des professionnels, qui offrent une fiabilit\u00e9 maximale et un minimum de fausses alarmes.<\/p>\n<p>Nos d\u00e9tecteurs filaires et sans fil, int\u00e9rieurs et ext\u00e9rieurs, offrent une protection <strong>24 heures sur 24<\/strong> et peuvent \u00eatre int\u00e9gralement int\u00e9gr\u00e9s aux solutions de v\u00e9rification vid\u00e9o , afin que vous puissiez g\u00e9rer et surveiller votre syst\u00e8me r\u00e9sidentiel ou commercial global \u00e0 partir d&rsquo;une seule application smartphone.<\/p>\n<p>L\u2019application <strong>iRISCO<\/strong> permet aux utilisateurs de g\u00e9rer leur syst\u00e8me de s\u00e9curit\u00e9, y compris l\u2019activation et la d\u00e9sactivation, et de recevoir des notifications imm\u00e9diates des \u00e9v\u00e9nements d\u2019alarme.\u00a0 Ceci permet aux utilisateurs de r\u00e9agir rapidement et efficacement aux situations stressantes.<\/p>\n\n\n<div class=\"wp-block-media-text alignwide is-stacked-on-mobile\" style=\"grid-template-columns:24% auto\"><figure class=\"wp-block-media-text__media\"><img loading=\"lazy\" decoding=\"async\" width=\"360\" height=\"360\" src=\"https:\/\/evaconcept.fr\/wp-content\/uploads\/2025\/07\/beyond-detecteur-exterieur-dt-cam-sans-fil-photo.jpg\" alt=\"\" class=\"wp-image-380 size-full\" srcset=\"https:\/\/evaconcept.fr\/wp-content\/uploads\/2025\/07\/beyond-detecteur-exterieur-dt-cam-sans-fil-photo.jpg 360w, https:\/\/evaconcept.fr\/wp-content\/uploads\/2025\/07\/beyond-detecteur-exterieur-dt-cam-sans-fil-photo-300x300.jpg 300w, https:\/\/evaconcept.fr\/wp-content\/uploads\/2025\/07\/beyond-detecteur-exterieur-dt-cam-sans-fil-photo-150x150.jpg 150w\" sizes=\"auto, (max-width: 360px) 100vw, 360px\" \/><\/figure><div class=\"wp-block-media-text__content\">\n<p><strong>D\u00e9tecteur ext\u00e9rieur filaire Risco<\/strong><\/p>\n\n\n\n<p>D\u00e9tecteur volum\u00e9trique \u00e0 double technologie (infrarouge + micro\u2011ondes\u202fbande\u202fK), filaire, avec anti-masquage IR et autoprotection sabotage\/arrachement. Port\u00e9e ~12\u201315\u202fm, angle 90\u00b0, immunit\u00e9 aux petits animaux, conception robuste IP54\u2011IP65, compatible syst\u00e8mes Risco LightSYS\/ProSYS.<\/p>\n<\/div><\/div>\n\n\n\n<div class=\"wp-block-media-text alignwide has-media-on-the-right is-stacked-on-mobile\" style=\"grid-template-columns:auto 31%\"><div class=\"wp-block-media-text__content\">\n<p><strong>Centrale Risco LightSYS\u202f2<\/strong><\/p>\n\n\n\n<p>Syst\u00e8me d\u2019alarme hybride (filaire + sans fil), modulaire et flexible, adapt\u00e9 aux r\u00e9sidences et petites entreprises. G\u00e8re de 8 \u00e0 50 zones, jusqu\u2019\u00e0 4 partitions, avec multiprotocole (IP, GSM\/GPRS, RTC, radio), diagnostics distants, contr\u00f4le via smartphone, et v\u00e9rification vid\u00e9o en direct<\/p>\n<\/div><figure class=\"wp-block-media-text__media\"><img loading=\"lazy\" decoding=\"async\" width=\"686\" height=\"500\" src=\"https:\/\/evaconcept.fr\/wp-content\/uploads\/2025\/07\/LightSYS-2-Featured.png\" alt=\"\" class=\"wp-image-379 size-full\" srcset=\"https:\/\/evaconcept.fr\/wp-content\/uploads\/2025\/07\/LightSYS-2-Featured.png 686w, https:\/\/evaconcept.fr\/wp-content\/uploads\/2025\/07\/LightSYS-2-Featured-300x219.png 300w\" sizes=\"auto, (max-width: 686px) 100vw, 686px\" \/><\/figure><\/div>\n\n\n\n<div class=\"wp-block-media-text alignwide is-stacked-on-mobile\" style=\"grid-template-columns:26% auto\"><figure class=\"wp-block-media-text__media\"><img loading=\"lazy\" decoding=\"async\" width=\"515\" height=\"515\" src=\"https:\/\/evaconcept.fr\/wp-content\/uploads\/2025\/07\/Clavier-alarme-filaire-PANDA-Risco-RP432KP02-lecteur-de-proximite-RP432KPP2.png\" alt=\"\" class=\"wp-image-383 size-full\" srcset=\"https:\/\/evaconcept.fr\/wp-content\/uploads\/2025\/07\/Clavier-alarme-filaire-PANDA-Risco-RP432KP02-lecteur-de-proximite-RP432KPP2.png 515w, https:\/\/evaconcept.fr\/wp-content\/uploads\/2025\/07\/Clavier-alarme-filaire-PANDA-Risco-RP432KP02-lecteur-de-proximite-RP432KPP2-300x300.png 300w, https:\/\/evaconcept.fr\/wp-content\/uploads\/2025\/07\/Clavier-alarme-filaire-PANDA-Risco-RP432KP02-lecteur-de-proximite-RP432KPP2-150x150.png 150w\" sizes=\"auto, (max-width: 515px) 100vw, 515px\" \/><\/figure><div class=\"wp-block-media-text__content\">\n<p><strong>Clavier filaire Risco<\/strong><\/p>\n\n\n\n<p>Panneau de commande mural filaire avec clavier r\u00e9tro\u00e9clair\u00e9, affichage LCD et LED, permettant l\u2019armement\/d\u00e9sarmement, la saisie de code, la gestion des partitions et l\u2019affichage d\u2019alertes, compatible avec les centrales Risco LightSYS et ProSYS.<\/p>\n<\/div><\/div>\n\n\n\n<div class=\"wp-block-media-text alignwide has-media-on-the-right is-stacked-on-mobile\" style=\"grid-template-columns:auto 23%\"><div class=\"wp-block-media-text__content\">\n<p><strong>LightSYS\u202fAir (Risco)<\/strong><\/p>\n\n\n\n<p>Centrale 100\u202f% sans fil jusqu\u2019\u00e0 128\u202fzones, 32\u202fpartitions, radios bidirectionnelles longue port\u00e9e, IP\/Wi\u2011Fi (et souvent 4G), installation rapide via l\u2019app <em>HandyApp<\/em>, notifications cloud\/smartphone et options de v\u00e9rification vid\u00e9o. Syst\u00e8me professionnel id\u00e9al pour r\u00e9sidentiel ou PME.<\/p>\n<\/div><figure class=\"wp-block-media-text__media\"><img loading=\"lazy\" decoding=\"async\" width=\"250\" height=\"250\" src=\"https:\/\/evaconcept.fr\/wp-content\/uploads\/2025\/07\/risco-kitlightsysaird-kit-d-centrale-lightsys-air-module-4g-2-pircam-contact-clavier.jpg\" alt=\"\" class=\"wp-image-384 size-full\" srcset=\"https:\/\/evaconcept.fr\/wp-content\/uploads\/2025\/07\/risco-kitlightsysaird-kit-d-centrale-lightsys-air-module-4g-2-pircam-contact-clavier.jpg 250w, https:\/\/evaconcept.fr\/wp-content\/uploads\/2025\/07\/risco-kitlightsysaird-kit-d-centrale-lightsys-air-module-4g-2-pircam-contact-clavier-150x150.jpg 150w\" sizes=\"auto, (max-width: 250px) 100vw, 250px\" \/><\/figure><\/div>\n\n\n\n<hr class=\"wp-block-separator alignwide has-alpha-channel-opacity\"\/>\n\n\n\n<div class=\"wp-block-media-text alignwide is-stacked-on-mobile\" style=\"grid-template-columns:23% auto\"><figure class=\"wp-block-media-text__media\"><img loading=\"lazy\" decoding=\"async\" width=\"446\" height=\"446\" src=\"https:\/\/evaconcept.fr\/wp-content\/uploads\/2025\/07\/kit-d-alarme-professionnelle-3g-lan-ajax-hub-detecteurs-telecomande-noir.jpg\" alt=\"\" class=\"wp-image-385 size-full\" srcset=\"https:\/\/evaconcept.fr\/wp-content\/uploads\/2025\/07\/kit-d-alarme-professionnelle-3g-lan-ajax-hub-detecteurs-telecomande-noir.jpg 446w, https:\/\/evaconcept.fr\/wp-content\/uploads\/2025\/07\/kit-d-alarme-professionnelle-3g-lan-ajax-hub-detecteurs-telecomande-noir-300x300.jpg 300w, https:\/\/evaconcept.fr\/wp-content\/uploads\/2025\/07\/kit-d-alarme-professionnelle-3g-lan-ajax-hub-detecteurs-telecomande-noir-150x150.jpg 150w\" sizes=\"auto, (max-width: 446px) 100vw, 446px\" \/><\/figure><div class=\"wp-block-media-text__content\">\n<p><strong>Syst\u00e8me d\u2019alarme Ajax<\/strong><\/p>\n\n\n\n<p>Solution 100\u202f% sans fil, professionnelle et haute s\u00e9curit\u00e9 : centrale (Hub) avec radio Jeweller longue port\u00e9e (jusqu\u2019\u00e0 2000\u202fm), d\u00e9tecteurs intrusion\/incendie\/inondation aliment\u00e9s par piles (autonomie 2\u20137 ans), connexion IP\/GPRS\/GSM, interface via application mobile et alertes instantan\u00e9es<\/p>\n<\/div><\/div>\n\n\n\n<div class=\"wp-block-media-text alignwide has-media-on-the-right is-stacked-on-mobile\" style=\"grid-template-columns:auto 24%\"><div class=\"wp-block-media-text__content\">\n<p><strong>D\u00e9tecteur ext\u00e9rieur Ajax MotionProtect Outdoor<\/strong><\/p>\n\n\n\n<p>D\u00e9tecteur PIR sans fil pour usage ext\u00e9rieur, avec immunit\u00e9 aux animaux (&lt;\u202f80\u202fcm), port\u00e9e r\u00e9glable 3\u201315\u202fm, angle de d\u00e9tection 90\u00b0, anti-masquage (d\u00e9tection de sabotage) et communication s\u00e9curis\u00e9e via le protocole Jeweller, endurance batterie jusqu&rsquo;\u00e0 5 ans, r\u00e9sistance aux intemp\u00e9ries (\u221225\u202f\u00b0C \u00e0 +60\u202f\u00b0C, IP55\u2011IP56)<\/p>\n<\/div><figure class=\"wp-block-media-text__media\"><img loading=\"lazy\" decoding=\"async\" width=\"500\" height=\"500\" src=\"https:\/\/evaconcept.fr\/wp-content\/uploads\/2025\/07\/XY-MCOUTDWHT.jpg\" alt=\"\" class=\"wp-image-386 size-full\" srcset=\"https:\/\/evaconcept.fr\/wp-content\/uploads\/2025\/07\/XY-MCOUTDWHT.jpg 500w, https:\/\/evaconcept.fr\/wp-content\/uploads\/2025\/07\/XY-MCOUTDWHT-300x300.jpg 300w, https:\/\/evaconcept.fr\/wp-content\/uploads\/2025\/07\/XY-MCOUTDWHT-150x150.jpg 150w\" sizes=\"auto, (max-width: 500px) 100vw, 500px\" \/><\/figure><\/div>\n\n\n\n<div class=\"wp-block-media-text alignwide is-stacked-on-mobile\" style=\"grid-template-columns:23% auto\"><figure class=\"wp-block-media-text__media\"><img loading=\"lazy\" decoding=\"async\" width=\"330\" height=\"330\" src=\"https:\/\/evaconcept.fr\/wp-content\/uploads\/2025\/07\/ss-black-330x330-1.jpg\" alt=\"\" class=\"wp-image-387 size-full\" srcset=\"https:\/\/evaconcept.fr\/wp-content\/uploads\/2025\/07\/ss-black-330x330-1.jpg 330w, https:\/\/evaconcept.fr\/wp-content\/uploads\/2025\/07\/ss-black-330x330-1-300x300.jpg 300w, https:\/\/evaconcept.fr\/wp-content\/uploads\/2025\/07\/ss-black-330x330-1-150x150.jpg 150w\" sizes=\"auto, (max-width: 330px) 100vw, 330px\" \/><\/figure><div class=\"wp-block-media-text__content\">\n<p><strong>Syst\u00e8me d\u2019alarme Ajax Siren<\/strong><\/p>\n\n\n\n<p>Sir\u00e8ne sans fil ext\u00e9rieure combinant alarme sonore (85\u2013113\u202fdB) et signal lumineux, connect\u00e9e au Hub via radio Jeweller (port\u00e9e ~1\u202f500\u202fm, protocole s\u00e9curis\u00e9). Autonomie jusqu\u2019\u00e0 5\u202fans sur piles, \u00e9tanch\u00e9it\u00e9 IP54, d\u00e9tecteur antivol (tamper + acc\u00e9l\u00e9rom\u00e8tre), r\u00e9glages via l\u2019application mobile.<\/p>\n<\/div><\/div>\n\n\n\n<p><\/p>\n","protected":false},"excerpt":{"rendered":"<p>Avec la solution\u00a0 RISCO, vous pouvez \u00eatre s\u00fbr de s\u00e9curiser et de prot\u00e9ger ce que vous avez de plus pr\u00e9cieux avec un syst\u00e8me d&rsquo;alarme install\u00e9 par des professionnels, qui offrent une fiabilit\u00e9 maximale et un minimum de fausses alarmes. Nos d\u00e9tecteurs filaires et sans fil, int\u00e9rieurs et ext\u00e9rieurs, offrent une protection 24 heures sur 24 [&hellip;]<\/p>\n","protected":false},"author":1,"featured_media":0,"parent":0,"menu_order":0,"comment_status":"closed","ping_status":"closed","template":"","meta":{"footnotes":""},"class_list":["post-324","page","type-page","status-publish","hentry","post"],"_links":{"self":[{"href":"https:\/\/evaconcept.fr\/index.php?rest_route=\/wp\/v2\/pages\/324","targetHints":{"allow":["GET"]}}],"collection":[{"href":"https:\/\/evaconcept.fr\/index.php?rest_route=\/wp\/v2\/pages"}],"about":[{"href":"https:\/\/evaconcept.fr\/index.php?rest_route=\/wp\/v2\/types\/page"}],"author":[{"embeddable":true,"href":"https:\/\/evaconcept.fr\/index.php?rest_route=\/wp\/v2\/users\/1"}],"replies":[{"embeddable":true,"href":"https:\/\/evaconcept.fr\/index.php?rest_route=%2Fwp%2Fv2%2Fcomments&post=324"}],"version-history":[{"count":3,"href":"https:\/\/evaconcept.fr\/index.php?rest_route=\/wp\/v2\/pages\/324\/revisions"}],"predecessor-version":[{"id":390,"href":"https:\/\/evaconcept.fr\/index.php?rest_route=\/wp\/v2\/pages\/324\/revisions\/390"}],"wp:attachment":[{"href":"https:\/\/evaconcept.fr\/index.php?rest_route=%2Fwp%2Fv2%2Fmedia&parent=324"}],"curies":[{"name":"wp","href":"https:\/\/api.w.org\/{rel}","templated":true}]}}