{"id":211,"date":"2025-03-28T12:06:10","date_gmt":"2025-03-28T11:06:10","guid":{"rendered":"http:\/\/evaconcept.fr\/?page_id=211"},"modified":"2025-07-08T00:13:28","modified_gmt":"2025-07-07T22:13:28","slug":"accueil","status":"publish","type":"page","link":"https:\/\/evaconcept.fr\/","title":{"rendered":"Accueil"},"content":{"rendered":"<div id=\"pl-211\"  class=\"panel-layout\" ><div id=\"pg-211-0\"  class=\"panel-grid panel-has-style\" ><div class=\"ecs-row siteorigin-panels-stretch panel-row-style panel-row-style-for-211-0\" id=\"qui-sommes-nous\" data-stretch-type=\"full-width-stretch\" ><div id=\"pgc-211-0-0\"  class=\"panel-grid-cell\" ><div id=\"panel-211-0-0-0\" class=\"so-panel widget widget_media_image panel-first-child panel-last-child\" data-index=\"0\" ><div class=\"ecs-image-full panel-widget-style panel-widget-style-for-211-0-0-0\" ><img loading=\"lazy\" decoding=\"async\" width=\"500\" height=\"470\" src=\"https:\/\/evaconcept.fr\/wp-content\/uploads\/2025\/03\/qui-somme-nous-768x722.png\" class=\"image wp-image-210  attachment-500x470 size-500x470\" alt=\"Photo d&#039;un syst\u00e8me de vid\u00e9o surveillance\" style=\"max-width: 100%; height: auto;\" srcset=\"https:\/\/evaconcept.fr\/wp-content\/uploads\/2025\/03\/qui-somme-nous-768x722.png 768w, https:\/\/evaconcept.fr\/wp-content\/uploads\/2025\/03\/qui-somme-nous-300x282.png 300w, https:\/\/evaconcept.fr\/wp-content\/uploads\/2025\/03\/qui-somme-nous-1024x963.png 1024w, https:\/\/evaconcept.fr\/wp-content\/uploads\/2025\/03\/qui-somme-nous-1536x1444.png 1536w, https:\/\/evaconcept.fr\/wp-content\/uploads\/2025\/03\/qui-somme-nous.png 1717w\" sizes=\"auto, (max-width: 500px) 100vw, 500px\" \/><\/div><\/div><\/div><div id=\"pgc-211-0-1\"  class=\"panel-grid-cell\" ><div id=\"panel-211-0-1-0\" class=\"so-panel widget widget_text panel-first-child panel-last-child\" data-index=\"1\" ><div class=\"ecs-text  panel-widget-style panel-widget-style-for-211-0-1-0\" ><h3 class=\"widget-title\">Qui sommes nous ?<\/h3>\t\t\t<div class=\"textwidget\"><p>La soci\u00e9t\u00e9\u00a0<strong>EVA CONCEPT\u00a0s\u00e9curit\u00e9<\/strong> cr\u00e9\u00e9e en 2011 et bas\u00e9e \u00e0 Villeurbanne pr\u00e8s de Lyon, est sp\u00e9cialiste dans \u00a0l\u2019installation de dispositifs de vid\u00e9osurveillance et d&rsquo;alarme intrusion dans toute la France.<\/p>\n<p>Gr\u00e2ce \u00e0 de nombreuses exp\u00e9riences et \u00e0 une recherche constante des nouvelles technologies en mati\u00e8re de s\u00e9curit\u00e9, la soci\u00e9t\u00e9 EVA CONCEPT est le partenaire id\u00e9al de tous les professionnels\u00a0 qui veulent s\u00e9curiser efficacement leurs locaux et des particuliers qui veulent prot\u00e9ger leurs demeures.<\/p>\n<p>La soci\u00e9t\u00e9 EVA Concept s\u00e9curit\u00e9 vous prot\u00e8ge depuis pr\u00e9s de 14 ans dans le domaine de la s\u00e9curite de vos locaux, maisons, appartements,commerces,avec des syst\u00e8mes d\u2019alarme intrusion, de la vid\u00e9o surveillance,utilisant des alarmes fiables et des cameras haute d\u00e9finition a la port\u00e9e de tous.<\/p>\n<p>&nbsp;<\/p>\n<\/div>\n\t\t<\/div><\/div><\/div><\/div><\/div><div id=\"pg-211-1\"  class=\"panel-grid panel-has-style\" ><div class=\"ecs-row siteorigin-panels-stretch panel-row-style panel-row-style-for-211-1\" id=\"marques\" data-stretch-type=\"full-width-stretch\" ><div id=\"pgc-211-1-0\"  class=\"panel-grid-cell\" ><div id=\"panel-211-1-0-0\" class=\"so-panel widget widget_text panel-first-child panel-last-child\" data-index=\"2\" ><div class=\" ecs-text-full panel-widget-style panel-widget-style-for-211-1-0-0\" ><h3 class=\"widget-title\">Nos marques<\/h3>\t\t\t<div class=\"textwidget\"><p>Nous s\u00e9lectionnons rigoureusement des produits de vid\u00e9osurveillance et d&rsquo;alarme pour r\u00e9pondre aux besoins vari\u00e9s de nos clients.<br \/>\nGr\u00e2ce \u00e0 notre expertise, nous vous guidons vers le mat\u00e9riel le plus adapt\u00e9.<br \/>\nNous\u00a0travaillons\u00a0avec des marques reconnues tel que :<br \/>\n<strong>Ajax Systems, Dahua, RISCO, HIK Vision .<\/strong><br \/>\nNous vous offrons une gamme diversifi\u00e9e et de qualit\u00e9 professionnelle.<\/p>\n<\/div>\n\t\t<\/div><\/div><\/div><div id=\"pgc-211-1-1\"  class=\"panel-grid-cell\" ><div id=\"panel-211-1-1-0\" class=\"so-panel widget widget_media_image panel-first-child panel-last-child\" data-index=\"3\" ><div class=\" ecs-image panel-widget-style panel-widget-style-for-211-1-1-0\" ><img loading=\"lazy\" decoding=\"async\" width=\"720\" height=\"600\" src=\"https:\/\/evaconcept.fr\/wp-content\/uploads\/2025\/03\/nos-marques-1024x854.png\" class=\"image wp-image-221  attachment-large size-large\" alt=\"Dessin d&#039;un personnage faisant un code de s\u00e9curit\u00e9 sur une alarme\" style=\"max-width: 100%; height: auto;\" srcset=\"https:\/\/evaconcept.fr\/wp-content\/uploads\/2025\/03\/nos-marques-1024x854.png 1024w, https:\/\/evaconcept.fr\/wp-content\/uploads\/2025\/03\/nos-marques-300x250.png 300w, https:\/\/evaconcept.fr\/wp-content\/uploads\/2025\/03\/nos-marques-768x641.png 768w, https:\/\/evaconcept.fr\/wp-content\/uploads\/2025\/03\/nos-marques-1536x1282.png 1536w, https:\/\/evaconcept.fr\/wp-content\/uploads\/2025\/03\/nos-marques.png 1902w\" sizes=\"auto, (max-width: 720px) 100vw, 720px\" \/><\/div><\/div><\/div><\/div><\/div><div id=\"pg-211-2\"  class=\"panel-grid panel-has-style\" ><div class=\"ecs-row siteorigin-panels-stretch panel-row-style panel-row-style-for-211-2\" id=\"alarme\" data-stretch-type=\"full-width-stretch\" ><div id=\"pgc-211-2-0\"  class=\"panel-grid-cell\" ><div class=\"panel-cell-style panel-cell-style-for-211-2-0\" ><div id=\"panel-211-2-0-0\" class=\"so-panel widget widget_media_image panel-first-child panel-last-child\" data-index=\"4\" ><div class=\"so-rounded panel-widget-style panel-widget-style-for-211-2-0-0\" ><img loading=\"lazy\" decoding=\"async\" width=\"720\" height=\"966\" src=\"https:\/\/evaconcept.fr\/wp-content\/uploads\/2025\/03\/pose-alarme-e1743274690106-763x1024.png\" class=\"image wp-image-228  attachment-large size-large\" alt=\"Photo de quelqu&#039;un faisant un code sur un clavier d&#039;alarme\" style=\"max-width: 100%; height: auto;\" srcset=\"https:\/\/evaconcept.fr\/wp-content\/uploads\/2025\/03\/pose-alarme-e1743274690106-763x1024.png 763w, https:\/\/evaconcept.fr\/wp-content\/uploads\/2025\/03\/pose-alarme-e1743274690106-224x300.png 224w, https:\/\/evaconcept.fr\/wp-content\/uploads\/2025\/03\/pose-alarme-e1743274690106-768x1030.png 768w, https:\/\/evaconcept.fr\/wp-content\/uploads\/2025\/03\/pose-alarme-e1743274690106-1145x1536.png 1145w, https:\/\/evaconcept.fr\/wp-content\/uploads\/2025\/03\/pose-alarme-e1743274690106-1527x2048.png 1527w\" sizes=\"auto, (max-width: 720px) 100vw, 720px\" \/><\/div><\/div><\/div><\/div><div id=\"pgc-211-2-1\"  class=\"panel-grid-cell\" ><div class=\"ecs-text panel-cell-style panel-cell-style-for-211-2-1\" ><div id=\"panel-211-2-1-0\" class=\"so-panel widget widget_text panel-first-child\" data-index=\"5\" ><h3 class=\"widget-title\">Pose d\u2019alarme<\/h3>\t\t\t<div class=\"textwidget\"><p>Prot\u00e9gez votre domicile et votre entreprise avec un syst\u00e8me d\u2019alarme efficace !<br \/>\nS\u00e9curisez vos biens et vos proches gr\u00e2ce \u00e0 une alarme performante,<strong> dissuadant les intrusions<\/strong> et assurant <strong>une surveillance continue<\/strong>.<\/p>\n<\/div>\n\t\t<\/div><div id=\"panel-211-2-1-1\" class=\"so-panel widget widget_text\" data-index=\"6\" ><div class=\"so-rounded panel-widget-style panel-widget-style-for-211-2-1-1\" >\t\t\t<div class=\"textwidget\"><p><strong>Pourquoi choisir une alarme ?<\/strong><\/p>\n<p>Dissuasion des intrus<\/p>\n<p>Protection 24\/7 avec alertes en temps r\u00e9el<\/p>\n<p>Intervention rapide gr\u00e2ce \u00e0 la t\u00e9l\u00e9surveillance<\/p>\n<p>S\u00e9r\u00e9nit\u00e9 pour votre famille et vos employ\u00e9s<\/p>\n<\/div>\n\t\t<\/div><\/div><div id=\"panel-211-2-1-2\" class=\"so-panel widget widget_text\" data-index=\"7\" ><div class=\"panel-widget-style panel-widget-style-for-211-2-1-2\" >\t\t\t<div class=\"textwidget\"><p><strong>Solutions adapt\u00e9es pour tous<\/strong><\/p>\n<ul>\n<li>Alarmes sans fil ou filaires<\/li>\n<li>D\u00e9tecteurs de mouvement et d\u2019ouverture<\/li>\n<li>Vid\u00e9osurveillance connect\u00e9e<\/li>\n<li>Notifications sur smartphone<\/li>\n<li>Assistance et maintenance<\/li>\n<\/ul>\n<\/div>\n\t\t<\/div><\/div><div id=\"panel-211-2-1-3\" class=\"so-panel widget widget_text\" data-index=\"8\" ><div class=\"panel-widget-style panel-widget-style-for-211-2-1-3\" >\t\t\t<div class=\"textwidget\"><p>Faites le choix de la s\u00e9curit\u00e9<br \/>\nProt\u00e9gez ce qui compte avec un syst\u00e8me fiable.<\/p>\n<\/div>\n\t\t<\/div><\/div><div id=\"panel-211-2-1-4\" class=\"widget_text so-panel widget widget_custom_html panel-last-child\" data-index=\"9\" ><div class=\"textwidget custom-html-widget\"><button href=\"\/nous-contacter\" class=ecs-button>Contactez-nous pour un devis gratuit !<\/button><\/div><\/div><\/div><\/div><\/div><\/div><div id=\"pg-211-3\"  class=\"panel-grid panel-has-style\" ><div class=\"ecs-row siteorigin-panels-stretch panel-row-style panel-row-style-for-211-3\" id=\"video-surveillance\" data-stretch-type=\"full-width-stretch\" ><div id=\"pgc-211-3-0\"  class=\"panel-grid-cell\" ><div class=\"ecs-text panel-cell-style panel-cell-style-for-211-3-0\" ><div id=\"panel-211-3-0-0\" class=\"so-panel widget widget_text panel-first-child\" data-index=\"10\" ><h3 class=\"widget-title\">Installation de syst\u00e8me de videosurveillance<\/h3>\t\t\t<div class=\"textwidget\"><p><strong>Optez pour une protection maximale avec la t\u00e9l\u00e9surveillance!<\/strong><br \/>\nQue vous soyez un particulier soucieux de prot\u00e9ger votre foyer ou un professionnel souhaitant s\u00e9curiser vos locaux, la t\u00e9l\u00e9surveillance est la solution id\u00e9ale pour une <strong>surveillance continue<\/strong> et <strong>une intervention rapide<\/strong> en cas d\u2019incident.<\/p>\n<p><strong>Solutions adapt\u00e9es pour tous<\/strong><\/p>\n<ul>\n<li>Surveillance en temps r\u00e9el par des professionnels<\/li>\n<li>Vid\u00e9osurveillance connect\u00e9e avec stockage s\u00e9curis\u00e9<\/li>\n<li>D\u00e9tection des intrusions, incendies et incidents<\/li>\n<li>Notifications instantan\u00e9es et assistance 24h\/24<\/li>\n<\/ul>\n<\/div>\n\t\t<\/div><div id=\"panel-211-3-0-1\" class=\"so-panel widget widget_text\" data-index=\"11\" ><div class=\"so-rounded panel-widget-style panel-widget-style-for-211-3-0-1\" >\t\t\t<div class=\"textwidget\"><p><strong>Pourquoi choisir la t\u00e9l\u00e9surveillance ?<\/strong><\/p>\n<p>Surveillance 24\/7 : Protection en continu, m\u00eame en votre absence.<\/p>\n<p>Dissuasion et r\u00e9activit\u00e9 : D\u00e9tection instantan\u00e9e des intrusions et intervention rapide des forces de l\u2019ordre.<\/p>\n<p>Contr\u00f4le \u00e0 distance : Acc\u00e8s aux cam\u00e9ras et alertes en temps r\u00e9el sur votre smartphone.<\/p>\n<p>S\u00e9curit\u00e9 renforc\u00e9e : Association avec des alarmes et d\u00e9tecteurs de mouvement pour une protection optimale.<\/p>\n<\/div>\n\t\t<\/div><\/div><div id=\"panel-211-3-0-2\" class=\"so-panel widget widget_text\" data-index=\"12\" ><div class=\"panel-widget-style panel-widget-style-for-211-3-0-2\" >\t\t\t<div class=\"textwidget\"><p>Prot\u00e9gez ce qui compte vraiment<br \/>\nNe laissez rien au hasard ! Faites confiance \u00e0 la t\u00e9l\u00e9surveillance pour une s\u00e9curit\u00e9 sans faille.<\/p>\n<\/div>\n\t\t<\/div><\/div><div id=\"panel-211-3-0-3\" class=\"widget_text so-panel widget widget_custom_html panel-last-child\" data-index=\"13\" ><div class=\"textwidget custom-html-widget\"><button class=ecs-button>Contactez-nous d\u00e8s maintenant pour un devis gratuit et une \u00e9tude personnalis\u00e9e !<\/button><\/div><\/div><\/div><\/div><div id=\"pgc-211-3-1\"  class=\"panel-grid-cell\" ><div id=\"panel-211-3-1-0\" class=\"so-panel widget widget_media_image panel-first-child panel-last-child\" data-index=\"14\" ><img loading=\"lazy\" decoding=\"async\" width=\"2214\" height=\"2405\" src=\"https:\/\/evaconcept.fr\/wp-content\/uploads\/2025\/03\/video-surbeilance-e1743328931899.png\" class=\"image wp-image-230  attachment-full size-full\" alt=\"\" style=\"max-width: 100%; height: auto;\" srcset=\"https:\/\/evaconcept.fr\/wp-content\/uploads\/2025\/03\/video-surbeilance-e1743328931899.png 2214w, https:\/\/evaconcept.fr\/wp-content\/uploads\/2025\/03\/video-surbeilance-e1743328931899-276x300.png 276w, https:\/\/evaconcept.fr\/wp-content\/uploads\/2025\/03\/video-surbeilance-e1743328931899-943x1024.png 943w, https:\/\/evaconcept.fr\/wp-content\/uploads\/2025\/03\/video-surbeilance-e1743328931899-768x834.png 768w, https:\/\/evaconcept.fr\/wp-content\/uploads\/2025\/03\/video-surbeilance-e1743328931899-1414x1536.png 1414w, https:\/\/evaconcept.fr\/wp-content\/uploads\/2025\/03\/video-surbeilance-e1743328931899-1885x2048.png 1885w\" sizes=\"auto, (max-width: 2214px) 100vw, 2214px\" \/><\/div><\/div><\/div><\/div><div id=\"pg-211-4\"  class=\"panel-grid panel-has-style\" ><div class=\"siteorigin-panels-stretch panel-row-style panel-row-style-for-211-4\" data-stretch-type=\"full-width-stretch\" ><div id=\"pgc-211-4-0\"  class=\"panel-grid-cell\" ><div class=\"panel-cell-style panel-cell-style-for-211-4-0\" ><div id=\"panel-211-4-0-0\" class=\"so-panel widget widget_media_image panel-first-child\" data-index=\"15\" ><div class=\"ecs-icone-service panel-widget-style panel-widget-style-for-211-4-0-0\" ><img loading=\"lazy\" decoding=\"async\" width=\"233\" height=\"224\" src=\"https:\/\/evaconcept.fr\/wp-content\/uploads\/2025\/03\/picto-materiel.png\" class=\"image wp-image-226  attachment-full size-full\" alt=\"\" style=\"max-width: 100%; height: auto;\" \/><\/div><\/div><div id=\"panel-211-4-0-1\" class=\"so-panel widget widget_text panel-last-child\" data-index=\"16\" >\t\t\t<div class=\"textwidget\"><p>Choix du mat\u00e9riel adapt\u00e9 au besoin<\/p>\n<\/div>\n\t\t<\/div><\/div><\/div><div id=\"pgc-211-4-1\"  class=\"panel-grid-cell\" ><div class=\"panel-cell-style panel-cell-style-for-211-4-1\" ><div id=\"panel-211-4-1-0\" class=\"so-panel widget widget_media_image panel-first-child\" data-index=\"17\" ><div class=\"ecs-icone-service panel-widget-style panel-widget-style-for-211-4-1-0\" ><img loading=\"lazy\" decoding=\"async\" width=\"254\" height=\"231\" src=\"https:\/\/evaconcept.fr\/wp-content\/uploads\/2025\/03\/picto-audit.png\" class=\"image wp-image-223  attachment-full size-full\" alt=\"picto document loupe\" style=\"max-width: 100%; height: auto;\" \/><\/div><\/div><div id=\"panel-211-4-1-1\" class=\"so-panel widget widget_text panel-last-child\" data-index=\"18\" >\t\t\t<div class=\"textwidget\"><p>Audit de s\u00e9curit\u00e9<\/p>\n<\/div>\n\t\t<\/div><\/div><\/div><div id=\"pgc-211-4-2\"  class=\"panel-grid-cell\" ><div class=\"panel-cell-style panel-cell-style-for-211-4-2\" ><div id=\"panel-211-4-2-0\" class=\"so-panel widget widget_media_image panel-first-child\" data-index=\"19\" ><div class=\"ecs-icone-service panel-widget-style panel-widget-style-for-211-4-2-0\" ><img loading=\"lazy\" decoding=\"async\" width=\"241\" height=\"231\" src=\"https:\/\/evaconcept.fr\/wp-content\/uploads\/2025\/03\/picto-conseil.png\" class=\"image wp-image-224  attachment-full size-full\" alt=\"picto conseil\" style=\"max-width: 100%; height: auto;\" \/><\/div><\/div><div id=\"panel-211-4-2-1\" class=\"so-panel widget widget_text panel-last-child\" data-index=\"20\" >\t\t\t<div class=\"textwidget\"><p>Conseils pour une installation de vid\u00e9osurveillance optimale<\/p>\n<\/div>\n\t\t<\/div><\/div><\/div><div id=\"pgc-211-4-3\"  class=\"panel-grid-cell\" ><div class=\"panel-cell-style panel-cell-style-for-211-4-3\" ><div id=\"panel-211-4-3-0\" class=\"so-panel widget widget_media_image panel-first-child\" data-index=\"21\" ><div class=\"ecs-icone-service panel-widget-style panel-widget-style-for-211-4-3-0\" ><img loading=\"lazy\" decoding=\"async\" width=\"219\" height=\"218\" src=\"https:\/\/evaconcept.fr\/wp-content\/uploads\/2025\/03\/picto-reglementation.png\" class=\"image wp-image-227  attachment-full size-full\" alt=\"Document valid\u00e9\" style=\"max-width: 100%; height: auto;\" srcset=\"https:\/\/evaconcept.fr\/wp-content\/uploads\/2025\/03\/picto-reglementation.png 219w, https:\/\/evaconcept.fr\/wp-content\/uploads\/2025\/03\/picto-reglementation-150x150.png 150w\" sizes=\"auto, (max-width: 219px) 100vw, 219px\" \/><\/div><\/div><div id=\"panel-211-4-3-1\" class=\"so-panel widget widget_text panel-last-child\" data-index=\"22\" >\t\t\t<div class=\"textwidget\"><p>Accompagnement pour les demandes d\u2019autorisation<\/p>\n<p><a class=\"ecs-button-secondaire ecs-small-button\" href=\"https:\/\/sistel.fr\/services\/reglementation-videosurveillance\/\" target=\"_blank\" rel=\"noopener\"> + d\u2019infos sur la r\u00e9glementation <\/a><\/p>\n<\/div>\n\t\t<\/div><\/div><\/div><div id=\"pgc-211-4-4\"  class=\"panel-grid-cell\" ><div class=\"panel-cell-style panel-cell-style-for-211-4-4\" ><div id=\"panel-211-4-4-0\" class=\"so-panel widget widget_media_image panel-first-child\" data-index=\"23\" ><div class=\"ecs-icone-service panel-widget-style panel-widget-style-for-211-4-4-0\" ><img loading=\"lazy\" decoding=\"async\" width=\"199\" height=\"212\" src=\"https:\/\/evaconcept.fr\/wp-content\/uploads\/2025\/03\/picto-alarme.png\" class=\"image wp-image-222  attachment-full size-full\" alt=\"picto-girophare\" style=\"max-width: 100%; height: auto;\" \/><\/div><\/div><div id=\"panel-211-4-4-1\" class=\"so-panel widget widget_text panel-last-child\" data-index=\"24\" >\t\t\t<div class=\"textwidget\"><p>Installation du dispositif de vid\u00e9osurveillance ou d&rsquo;alarme intrusion<\/p>\n<\/div>\n\t\t<\/div><\/div><\/div><div id=\"pgc-211-4-5\"  class=\"panel-grid-cell\" ><div class=\"panel-cell-style panel-cell-style-for-211-4-5\" ><div id=\"panel-211-4-5-0\" class=\"so-panel widget widget_media_image panel-first-child\" data-index=\"25\" ><div class=\"ecs-icone-service panel-widget-style panel-widget-style-for-211-4-5-0\" ><img loading=\"lazy\" decoding=\"async\" width=\"195\" height=\"195\" src=\"https:\/\/evaconcept.fr\/wp-content\/uploads\/2025\/03\/picto-maintenance.png\" class=\"image wp-image-225  attachment-full size-full\" alt=\"picto maintenance\" style=\"max-width: 100%; height: auto;\" srcset=\"https:\/\/evaconcept.fr\/wp-content\/uploads\/2025\/03\/picto-maintenance.png 195w, https:\/\/evaconcept.fr\/wp-content\/uploads\/2025\/03\/picto-maintenance-150x150.png 150w\" sizes=\"auto, (max-width: 195px) 100vw, 195px\" \/><\/div><\/div><div id=\"panel-211-4-5-1\" class=\"so-panel widget widget_text panel-last-child\" data-index=\"26\" >\t\t\t<div class=\"textwidget\"><p>Maintenance \/ d\u00e9pannagede vid\u00e9osurveillance et d&rsquo;alarme intrusion<\/p>\n<\/div>\n\t\t<\/div><\/div><\/div><\/div><\/div><div id=\"pg-211-5\"  class=\"panel-grid panel-has-style\" ><div class=\"ecs-row siteorigin-panels-stretch panel-row-style panel-row-style-for-211-5\" data-stretch-type=\"full-width-stretch\" ><div id=\"pgc-211-5-0\"  class=\"panel-grid-cell\" ><div id=\"panel-211-5-0-0\" class=\"so-panel widget widget_media_image panel-first-child panel-last-child\" data-index=\"27\" ><div class=\"ecs-logo panel-widget-style panel-widget-style-for-211-5-0-0\" ><img loading=\"lazy\" decoding=\"async\" width=\"438\" height=\"135\" src=\"https:\/\/evaconcept.fr\/wp-content\/uploads\/2025\/03\/logo-alhua-e1743286989622.png\" class=\"image wp-image-217  attachment-full size-full\" alt=\"logo alhua\" style=\"max-width: 100%; height: auto;\" srcset=\"https:\/\/evaconcept.fr\/wp-content\/uploads\/2025\/03\/logo-alhua-e1743286989622.png 438w, https:\/\/evaconcept.fr\/wp-content\/uploads\/2025\/03\/logo-alhua-e1743286989622-300x92.png 300w, https:\/\/evaconcept.fr\/wp-content\/uploads\/2025\/03\/logo-alhua-e1743286989622-436x135.png 436w\" sizes=\"auto, (max-width: 438px) 100vw, 438px\" \/><\/div><\/div><\/div><div id=\"pgc-211-5-1\"  class=\"panel-grid-cell\" ><div id=\"panel-211-5-1-0\" class=\"so-panel widget widget_media_image panel-first-child panel-last-child\" data-index=\"28\" ><div class=\"ecs-logo panel-widget-style panel-widget-style-for-211-5-1-0\" ><img loading=\"lazy\" decoding=\"async\" width=\"576\" height=\"167\" src=\"https:\/\/evaconcept.fr\/wp-content\/uploads\/2025\/03\/logo-ajax-e1743287155906.png\" class=\"image wp-image-216  attachment-full size-full\" alt=\"Logo ajax\" style=\"max-width: 100%; height: auto;\" srcset=\"https:\/\/evaconcept.fr\/wp-content\/uploads\/2025\/03\/logo-ajax-e1743287155906.png 576w, https:\/\/evaconcept.fr\/wp-content\/uploads\/2025\/03\/logo-ajax-e1743287155906-300x87.png 300w\" sizes=\"auto, (max-width: 576px) 100vw, 576px\" \/><\/div><\/div><\/div><div id=\"pgc-211-5-2\"  class=\"panel-grid-cell\" ><div id=\"panel-211-5-2-0\" class=\"so-panel widget widget_media_image panel-first-child panel-last-child\" data-index=\"29\" ><div class=\"ecs-logo panel-widget-style panel-widget-style-for-211-5-2-0\" ><img loading=\"lazy\" decoding=\"async\" width=\"615\" height=\"175\" src=\"https:\/\/evaconcept.fr\/wp-content\/uploads\/2025\/03\/logo-risco-black-red.png\" class=\"image wp-image-219  attachment-full size-full\" alt=\"logo risco\" style=\"max-width: 100%; height: auto;\" srcset=\"https:\/\/evaconcept.fr\/wp-content\/uploads\/2025\/03\/logo-risco-black-red.png 615w, https:\/\/evaconcept.fr\/wp-content\/uploads\/2025\/03\/logo-risco-black-red-300x85.png 300w\" sizes=\"auto, (max-width: 615px) 100vw, 615px\" \/><\/div><\/div><\/div><div id=\"pgc-211-5-3\"  class=\"panel-grid-cell\" ><div id=\"panel-211-5-3-0\" class=\"so-panel widget widget_media_image panel-first-child panel-last-child\" data-index=\"30\" ><div class=\"ecs-logo panel-widget-style panel-widget-style-for-211-5-3-0\" ><img loading=\"lazy\" decoding=\"async\" width=\"1014\" height=\"135\" src=\"https:\/\/evaconcept.fr\/wp-content\/uploads\/2025\/03\/logo-hikvision.png\" class=\"image wp-image-218  attachment-full size-full\" alt=\"logo hikvision\" style=\"max-width: 100%; height: auto;\" srcset=\"https:\/\/evaconcept.fr\/wp-content\/uploads\/2025\/03\/logo-hikvision.png 1014w, https:\/\/evaconcept.fr\/wp-content\/uploads\/2025\/03\/logo-hikvision-300x40.png 300w, https:\/\/evaconcept.fr\/wp-content\/uploads\/2025\/03\/logo-hikvision-768x102.png 768w\" sizes=\"auto, (max-width: 1014px) 100vw, 1014px\" \/><\/div><\/div><\/div><\/div><\/div><\/div>","protected":false},"excerpt":{"rendered":"<p>La soci\u00e9t\u00e9\u00a0EVA CONCEPT\u00a0s\u00e9curit\u00e9 cr\u00e9\u00e9e en 2011 et bas\u00e9e \u00e0 Villeurbanne pr\u00e8s de Lyon, est sp\u00e9cialiste dans \u00a0l\u2019installation de dispositifs de vid\u00e9osurveillance et d&rsquo;alarme intrusion dans toute la France. Gr\u00e2ce \u00e0 de nombreuses exp\u00e9riences et \u00e0 une recherche constante des nouvelles technologies en mati\u00e8re de s\u00e9curit\u00e9, la soci\u00e9t\u00e9 EVA CONCEPT est le partenaire id\u00e9al de tous [&hellip;]<\/p>\n","protected":false},"author":1,"featured_media":0,"parent":0,"menu_order":0,"comment_status":"closed","ping_status":"closed","template":"home-panels.php","meta":{"footnotes":""},"class_list":["post-211","page","type-page","status-publish","hentry","post"],"_links":{"self":[{"href":"https:\/\/evaconcept.fr\/index.php?rest_route=\/wp\/v2\/pages\/211","targetHints":{"allow":["GET"]}}],"collection":[{"href":"https:\/\/evaconcept.fr\/index.php?rest_route=\/wp\/v2\/pages"}],"about":[{"href":"https:\/\/evaconcept.fr\/index.php?rest_route=\/wp\/v2\/types\/page"}],"author":[{"embeddable":true,"href":"https:\/\/evaconcept.fr\/index.php?rest_route=\/wp\/v2\/users\/1"}],"replies":[{"embeddable":true,"href":"https:\/\/evaconcept.fr\/index.php?rest_route=%2Fwp%2Fv2%2Fcomments&post=211"}],"version-history":[{"count":77,"href":"https:\/\/evaconcept.fr\/index.php?rest_route=\/wp\/v2\/pages\/211\/revisions"}],"predecessor-version":[{"id":405,"href":"https:\/\/evaconcept.fr\/index.php?rest_route=\/wp\/v2\/pages\/211\/revisions\/405"}],"wp:attachment":[{"href":"https:\/\/evaconcept.fr\/index.php?rest_route=%2Fwp%2Fv2%2Fmedia&parent=211"}],"curies":[{"name":"wp","href":"https:\/\/api.w.org\/{rel}","templated":true}]}}